{"id":32,"date":"2021-04-02T09:09:03","date_gmt":"2021-04-02T09:09:03","guid":{"rendered":"https:\/\/www.ipcolaw.com\/?page_id=32"},"modified":"2025-11-11T08:51:09","modified_gmt":"2025-11-11T08:51:09","slug":"over-ons","status":"publish","type":"page","link":"https:\/\/www.ipcolaw.com\/nl\/over-ons\/","title":{"rendered":"Over ons"},"content":{"rendered":"\n<h1>\n\t\t\tSpecialist in wereldwijde merkbescherming\t<\/h1>\n\t<p>Onze merkengemachtigde en adviseurs hebben jarenlange ervaring met de wereldwijde bescherming, handhaving, exploitatie en het beheer van merken, modellen en andere IE-rechten. Sinds 2010 staan we aan het roer van d\u00e9 website voor wereldwijde merkregistratie: trademarkhost.com.<\/p>\n<p>In 2021 heeft IPCO Law de gehele merken- en modellenpraktijk van Hortis Legal overgenomen. Wij gaan vol trots en passie verder als gemachtigde van meer dan 2000 trouwe klanten in binnen- en buitenland.<\/p>\n\t\t\t\t<img decoding=\"async\" src=\"https:\/\/ipcolaw.com\/wp-content\/uploads\/2021\/04\/ipco-law.png\" alt=\"ipco-law\" title=\"ipco-law\" itemprop=\"image\"  \/>\n<h2>\n\t\t\tWaar wij voor staan\t<\/h2>\n\t<p><strong>Wij vinden dat de juridische (merken)wereld toe is aan verandering. <\/strong>De bescherming van merken en modellen begrijpelijk, bereikbaar en betaalbaar maken voor iedereen, overal. Dat is waar wij voor staan en ons dagelijks vol passie voor inzetten.<\/p>\n\t\t\t\t<img decoding=\"async\" src=\"https:\/\/www.ipcolaw.com\/wp-content\/uploads\/2025\/09\/ipcolaw-team-1.jpg\" alt=\"ipcolaw team\" title=\"ipcolaw team\" itemprop=\"image\"  \/>\n\t<a href=\"https:\/\/ipcolaw.com\/diensten\/merken\/\" target=\"_self\"  aria-label=\"Ga naar https:\/\/ipcolaw.com\/diensten\/merken\/\"><\/a>\n\t\t\t\t<img decoding=\"async\" src=\"https:\/\/www.ipcolaw.com\/wp-content\/uploads\/2021\/09\/stip-oranje.png\" alt=\"stip-oranje\" title=\"stip-oranje\" itemprop=\"image\"\/>\n\t\t<h5>Knowledge =  Power &#038; Sharing = Caring<\/h5>\t\t\t\n\t\t\t\t<p>Clich\u00e9, maar waar. Wij geloven dat kennis macht is en gedeeld moet worden. Wij begrijpen de wirwar en uitdagingen van het intellectuele eigendomsrecht en zorgen dat jij het ook begrijpt. We zijn niet bang om onszelf daarmee buitenspel te zetten. Juist als de basisregels voor een goede bescherming helder zijn, kan er intensief worden samengewerkt aan de beste bescherming met aandacht voor details en de toekomst.<\/p>\n\t<a href=\"https:\/\/ipcolaw.com\/diensten\/merken\/\" target=\"_self\"  aria-label=\"Ga naar https:\/\/ipcolaw.com\/diensten\/merken\/\"><\/a>\n\t\t\t\t<img decoding=\"async\" src=\"https:\/\/www.ipcolaw.com\/wp-content\/uploads\/2021\/09\/stip-oranje.png\" alt=\"stip-oranje\" title=\"stip-oranje\" itemprop=\"image\"\/>\n\t\t<h5>Wat kan er w\u00e9l, in plaats van wat niet<\/h5>\t\t\t\n\t\t\t\t<p>Wij doen niet moeilijk als het makkelijker kan. Vanuit een sterk juridische grondslag adviseren wij praktisch en in kant-en-klare taal. Door effici\u00ebntie en vakkundigheid zijn wij in staat snel te schakelen. Zo vertellen wij je binnen 1 dag wat de slagingskans van een merk is in China. Is er een kans dat een merk wordt geweigerd? Dan vertellen wij dat eerlijk \u00e9n komen we met een creatief en strategisch actieplan om bescherming alsnog mogelijk te maken. Ook vertellen wij vooraf altijd wat iets kost. Dus geen bureaucratisch geneuzel of verrassingen (tenzij leuke verrassingen natuurlijk).\u00a0<\/p>\n\t<a href=\"https:\/\/ipcolaw.com\/diensten\/merken\/\" target=\"_self\"  aria-label=\"Ga naar https:\/\/ipcolaw.com\/diensten\/merken\/\"><\/a>\n\t\t\t\t<img decoding=\"async\" src=\"https:\/\/www.ipcolaw.com\/wp-content\/uploads\/2021\/09\/stip-oranje.png\" alt=\"stip-oranje\" title=\"stip-oranje\" itemprop=\"image\"\/>\n\t\t<h5>Makings fans out of clients<\/h5>\t\t\t\n\t\t\t\t<p>Klinkt positief h\u00e8? Dat zijn wij ook, altijd. Ons doel is elke dag weer: tevreden klanten. Bij ons is geen enkele klant een nummer. We nemen de tijd voor elk contact en zijn actief betrokken bij de creatie, introductie, bescherming, bewaking en handhaving van de merken en modellen van onze klanten. Daarnaast houden wij van snel schakelen, korte lijnen en duidelijke communicatie. We zijn voortdurend bezig om de servicebeleving voor onze klanten nog aangenamer te maken.<\/p>\n\t<p>Welke vraag je ook hebt, wij staan voor je klaar.<\/p>\n\t\t\t<a href=\"https:\/\/ipcolaw.com\/contact\/\" title=\"Klik Hier\" target=\"_self\"   role=\"button\" aria-label=\"Neem contact met ons op\">\n\t\t\t\t\t\t\tNeem contact met ons op\n\t\t<\/a>\n<h2>\n\t\t\tZo zijn wij\t<\/h2>\n\t\t\t\t<img decoding=\"async\" src=\"https:\/\/www.ipcolaw.com\/wp-content\/uploads\/2025\/09\/ipcolaw-over-ons.jpg\" alt=\"ipcolaw over ons\" title=\"ipcolaw over ons\" itemprop=\"image\"  \/>\n\t<ul>\n\t\t<li>\t\t\n\t\t\t\t<img decoding=\"async\" src=\"https:\/\/ipcolaw.com\/wp-content\/uploads\/2021\/04\/ipco-law.png\" alt=\"ipco-law\" title=\"ipco-law\" itemprop=\"image\"\/>\n\t\t<h4>Duidelijk &amp; transparant<\/h4><p>We doen wat we zeggen en zeggen wat we doen. Wij begrijpen dat je geen tijd hebt voor alle wirwar aan juridische informatie en we maken het je graag gemakkelijk. Daarom vertellen we je alles wat wij weten, wat jij wilt weten en wat jij moet weten om de juiste beslissingen te kunnen nemen. Altijd eerlijk en duidelijk.<\/p><\/li>\t<\/ul>\n\t<ul>\n\t\t<li>\t\t\n\t\t\t\t<img decoding=\"async\" src=\"https:\/\/ipcolaw.com\/wp-content\/uploads\/2021\/04\/ipco-law.png\" alt=\"ipco-law\" title=\"ipco-law\" itemprop=\"image\"\/>\n\t\t<h4>Betrokken &amp; bevlogen<\/h4><p>Wij houden van ons vak en dat &#8216;merk&#8217; je. Proactief en enthousiast analyseren, adviseren en assisteren vanuit onze oprechte interesse in elk vraagstuk, en met betrokkenheid bij wat onze klanten beweegt. Persoonlijk contact, daar nemen wij altijd de tijd voor.<\/p><\/li>\t<\/ul>\n\t<ul>\n\t\t<li>\t\t\n\t\t\t\t<img decoding=\"async\" src=\"https:\/\/ipcolaw.com\/wp-content\/uploads\/2021\/04\/ipco-law.png\" alt=\"ipco-law\" title=\"ipco-law\" itemprop=\"image\"\/>\n\t\t<h4>Verfrissende professionals<\/h4><p>Merkenadviseurs, merkengemachtigde, IE-juristen, noem het hoe je het noemen wilt: wij zijn echte professionals. Hier danken wij ons bestaansrecht aan en vertrouwen onze klanten op. Wij zijn goed in ons vak en we zijn iedere dag bezig een beetje beter te worden.Voor ons is &#8216;goed&#8217; niet alleen goed in de zin van juridisch een hoog niveau; we zijn ook goed in daadkracht (niet lullen, maar poetsen), creativiteit als het lastiger wordt \u00e9n scherpzinnigheid in elke stap en bij elke actie.<\/p><\/li>\t<\/ul>\n<h2>\n\t\t\tOns team\t<\/h2>\n\t\t\t<h3>Rachel Bahadoersing<\/h3><h5>&#8220;The IP Fanatic&#8221;<\/h5>\t\t\t\n\t\t\t\t<p><strong>Founder IPCO Law<\/strong><br \/>Europees merken-en modellengemachtigde \/ Jurist Intellectueel Eigendom\u00a0<\/p>\n\t\t\t\t<img decoding=\"async\" src=\"https:\/\/www.ipcolaw.com\/wp-content\/uploads\/2021\/08\/bmm.png\" alt=\"bmm\" title=\"bmm\" itemprop=\"image\"  \/>\n\t\t\t\t\t\t<p>Meer over Rachel<\/p>\n\t\t\t<p><strong>Rachel Bahadoersing (mr.)<\/strong> is een ervaren jurist en Erkend merken-en modellengemachtigde.<\/p>\n<p>Als ondernemer \u00e9n jurist combineert ze haar passie voor intellectuele eigendom met een frisse blik op hoe ze bedrijven echt kan helpen en is ze altijd op zoek naar verbetering.<\/p>\n<p>Na aan de wieg te hebben gestaan van de internationale merkendienst Trademarkhost (2010) en 11 jaar leiding te hebben gegeven aan de merken- en modellenafdeling van Hortis Legal, weet ze als geen ander hoe je IE-rechten slim beschermt en verdedigt.<\/p>\n<p>Haar bevlogenheid, oog voor detail en betrokkenheid maken haar een geliefd sparringpartner voor alles rondom IE-rechten: van bescherming en inbreuk tot domeinarbitrage en beroepszaken bij het Benelux-Gerechtshof.<\/p>\n<p>&#8220;Het toegankelijker \u00e9n leuker maken van merk- en modelbescherming voor ondernemers is mijn persoonlijke missie. Wat mijn werk zo bijzonder maakt, is de dynamiek van vroeg betrokken zijn bij het bedenken en beschermen van merken, tot het optreden tegen inbreuk wanneer datzelfde merk een succes wordt. Die betrokkenheid bij elke klant en elk merk maakt mijn werk uniek en geeft me de energie om niet alleen mijn klanten te ondersteunen, maar ook om IPCO\u00a0 te laten groeien en bloeien. In mijn vrije tijd maak ik graag reizen en uitstapjes met mijn gezin en heb ik een liefde voor dansen.&#8221;<\/p>\n<p>Snel weten wat de beste beschermingsstrategie is voor je merk, advies nodig bij inbreuk of strategisch sparren over complexe IE-vraagstukken? Neem contact op met Rachel.<\/p>\n\t\t\t<h3>Jeanelle de Cuba<\/h3><h5>&#8220;The Trademark Yogi&#8221;<\/h5>\t\t\t\n\t\t\t\t<p><strong>Merken- en modellenadviseur<\/strong><\/p>\n\t\t\t\t\t\t<p>Meer over Jeanelle<\/p>\n\t\t\t<p><b>Jeanelle de Cuba<\/b> heeft ruim 13 jaar ervaring in de wereld van merkbescherming en weet als geen ander de fijne kneepjes van wereldwijde registratiemogelijkheden te navigeren. Met haar diepgaande kennis en scherp oog voor detail begeleidt ze bedrijven door elk stadium van hun merkstrategie &#8211; van concept tot bescherming.<\/p>\n<p>Vloeiend in zowel Engels als Spaans, overbrugt Jeanelle culturele en taalkundige barri\u00e8res met gemak. Haar internationale netwerk en vermogen om moeiteloos tussen continenten te schakelen, geven haar klanten een onge\u00ebvenaarde voorsprong in het dynamische wereldwijde IE-landschap. Met een scherp oog voor strategie en een pragmatische aanpak, bouwt ze sterke, duurzame relaties op &#8211; klanten keren keer op keer naar haar terug voor haar deskundigheid en persoonlijke toewijding.<\/p>\n<p>&#8220;Het creatieve proces van nieuwe merken ontdekken en vanaf het prille begin de juiste bescherming uitdenken, geeft me elke dag weer energie. Of ik nu samenwerk met een start-up vol dromen of een multinational met een complexe IE-portefeuille, elke situatie vraagt om unieke, strategische oplossingen. Dit zorgt ervoor dat geen dag hetzelfde is, en dat voortdurende leren en groeien maakt dat ik mijn werk zo boeiend vind. In mijn vrije tijd laad ik mezelf op met familie, vrienden en heerlijk eten. Daarnaast doe ik al meer dan 10 jaar aan Ashtanga yoga, vroeg in de ochtend, wanneer de wereld nog stil is. Deze routine brengt me de rust en focus die ik nodig heb om de dag met positieve energie tegemoet te treden.&#8221;<\/p>\n<p>Of je nu een nieuw merk op de markt wilt brengen en benieuwd bent naar de slagingskansen, of je weg zoekt in de internationale registratieprocedures &#8211; Jeanelle staat voor je klaar. Neem vandaag nog contact op voor deskundig advies en strategische begeleiding.<\/p>\n\t\t\t<h3>Anne Weersink<\/h3><h5>&#8220;Brand Explorer&#8221;<\/h5>\t\t\t\n\t\t\t\t<p><strong>Paralegal<\/strong><\/p>\n\t\t\t\t\t\t<p>Meer over Anne<\/p>\n\t\t\t<p><strong>Anne Weersink, (mr.)<\/strong>, heeft haar master in Intellectueel Eigendomsrecht op zak en is bij IPCO Law werkzaam als paralegal en aspirant merken- en modellengemachtigde. Ze is een &#8220;virtual nomad pur sang&#8221;-of ze nu op kantoor werkt of vanuit een koffietentje, Anne is altijd scherp, gefocust en klaar voor elke uitdaging. Sinds ze in 2022 haar carri\u00e8re begon in de merkenbranche, heeft ze zich gespecialiseerd in het oplossen van merkenweigeringen en conflicten.<\/p>\n<p>Sinds maart 2024 brengt Anne haar precisie en zorgvuldigheid naar IPCO, waar ze bekend staat om haar vermogen om de rust te bewaren in de meest ingewikkelde IE-kwesties. Anne combineert haar scherpe analytische blik met een warme, vriendelijke persoonlijkheid, en denkt graag met je mee. Of je nu een merkenweigering wilt tackelen of strategisch advies nodig hebt, Anne staat voor je klaar &#8211; en dat kan letterlijk overal ter wereld zijn.<\/p>\n<p>&#8216;Merken helpen om obstakels te overwinnen, voelt voor mij als het oplossen van een uitdagende puzzel. Het mooiste is om die obstakels \u00e9\u00e9n voor \u00e9\u00e9n weg te nemen en samen met de klant het succes te vieren. Elk probleem vraagt om zorg, precisie en een frisse blik &#8211; en dat is precies wat ik meebreng, ongeacht waar ik ben.&#8217;<\/p>\n<p>In haar vrije tijd is Anne altijd in voor avontuur: ze houdt van reizen, lezen en boulderen. Of ze nu bergen beklimt of zich verdiept in een goed boek, Anne vindt altijd de perfecte balans tussen ontspanning en uitdaging.<\/p>\n<p>\u00a0<strong>Vragen over het aanpakken van merkenweigeringen of conflictoplossingen? <\/strong><strong>Connect met Anne. <\/strong><\/p>\n\t\t\t<h3>Deniz Coskun<\/h3><h5>&#8220;Formalities Captain&#8221;<\/h5>\t\t\t\n\t\t\t\t<p><strong>Trademark &#8211; Assistant<\/strong><\/p>\n\t\t\t\t\t\t<p>Meer over Deniz<\/p>\n\t\t\t<p><strong>Deniz Coskun<\/strong> is de onmisbare backbone bij IPCO LAW. Met maar liefst 10 jaar ervaring in het IE-recht zorgt Deniz ervoor dat alles van aanvraag tot registratie op rolletjes loopt. Haar expertise en coole, get-together persoonlijkheid maken haar een essenti\u00eble schakel in ons team.<\/p>\n<p>Als je vragen hebt over verlengingen, statusupdates of gewoon over de voortgang van je dossier, dan is Deniz je go-to persoon. Ze zorgt ervoor dat elk dossier met precisie en zorg wordt afgehandeld en houdt alles draaiende als een goed geoliede machine.<\/p>\n<p>&#8216;Het leukste aan mijn rol is het zien van alles op z&#8217;n plek vallen en weten dat elk merk en ontwerp precies krijgt wat het nodig heeft. Het geeft me veel plezier om als &#8220;Formalities Captain&#8221; ervoor te zorgen dat alles soepel en precies verloopt.&#8217;<\/p>\n<p>Priv\u00e9 is Deniz een modebewuste soccer mom die altijd in is voor gezelligheid. \u00a0Deniz brengt altijd een dosis stijl en positieve energie. <strong>Wil je weten hoe je registratie en verlengingen vlot en zonder gedoe verlopen?<\/strong> Laat Deniz, onze &#8220;Formalities Captain,&#8221; zorgen voor een vlekkeloze afhandeling.<\/p>\n\t\t\t<h3>Uma Kirch<\/h3><h5>&#8220;Admin-wonder&#8221;<\/h5>\t\t\t\n\t\t\t\t<p><strong>Administratief medewerker<\/strong><\/p>\n\t\t\t\t\t\t<p>Meer over Uma<\/p>\n\t\t\t<p>Met haar nauwkeurigheid en veelzijdigheid is Uma een echt talent op administratief gebied en een spin in het IPCO-web. Dankzij haar brede ori\u00ebntatie en hands-on mentaliteit pakt ze alles aan wat op haar pad komt en maakt ze elk administratief vraagstuk een fluitje van een cent.<br \/>Of het nu gaat om een klein administratief klusje of een groter project, Uma krijgt het gedaan. In haar vrije tijd geniet Uma van de gezelschap van haar hond, is ze druk met haar studie, en brengt ze graag gezellige momenten door met vrienden en familie.<\/p>\n\t\t\t<a href=\"https:\/\/ipcolaw.com\/contact\/\" title=\"Klik Hier\" target=\"_self\"   role=\"button\" aria-label=\"Neem contact met ons op\">\n\t\t\t\t\t\t\tNeem contact met ons op\n\t\t<\/a>\n\n","protected":false},"excerpt":{"rendered":"<p>Specialist in wereldwijde merkbescherming Onze merkengemachtigde en adviseurs hebben jarenlange ervaring met de wereldwijde bescherming, handhaving, exploitatie en het beheer van merken, modellen en andere IE-rechten. Sinds 2010 staan we aan het roer van d\u00e9 website voor wereldwijde merkregistratie: trademarkhost.com. In 2021 heeft IPCO Law de gehele merken- en modellenpraktijk van Hortis Legal overgenomen. Wij [&hellip;]<\/p>\n","protected":false},"author":1,"featured_media":0,"parent":0,"menu_order":0,"comment_status":"closed","ping_status":"closed","template":"","meta":{"inline_featured_image":false,"site-sidebar-layout":"default","site-content-layout":"default","ast-site-content-layout":"default","site-content-style":"default","site-sidebar-style":"default","ast-global-header-display":"","ast-banner-title-visibility":"","ast-main-header-display":"","ast-hfb-above-header-display":"","ast-hfb-below-header-display":"","ast-hfb-mobile-header-display":"","site-post-title":"disabled","ast-breadcrumbs-content":"","ast-featured-img":"","footer-sml-layout":"","ast-disable-related-posts":"","theme-transparent-header-meta":"default","adv-header-id-meta":"","stick-header-meta":"default","header-above-stick-meta":"","header-main-stick-meta":"","header-below-stick-meta":"","astra-migrate-meta-layouts":"set","ast-page-background-enabled":"default","ast-page-background-meta":{"desktop":{"background-color":"","background-image":"","background-repeat":"repeat","background-position":"center center","background-size":"auto","background-attachment":"scroll","background-type":"","background-media":"","overlay-type":"","overlay-color":"","overlay-opacity":"","overlay-gradient":""},"tablet":{"background-color":"","background-image":"","background-repeat":"repeat","background-position":"center center","background-size":"auto","background-attachment":"scroll","background-type":"","background-media":"","overlay-type":"","overlay-color":"","overlay-opacity":"","overlay-gradient":""},"mobile":{"background-color":"","background-image":"","background-repeat":"repeat","background-position":"center center","background-size":"auto","background-attachment":"scroll","background-type":"","background-media":"","overlay-type":"","overlay-color":"","overlay-opacity":"","overlay-gradient":""}},"ast-content-background-meta":{"desktop":{"background-color":"var(--ast-global-color-5)","background-image":"","background-repeat":"repeat","background-position":"center center","background-size":"auto","background-attachment":"scroll","background-type":"","background-media":"","overlay-type":"","overlay-color":"","overlay-opacity":"","overlay-gradient":""},"tablet":{"background-color":"var(--ast-global-color-5)","background-image":"","background-repeat":"repeat","background-position":"center center","background-size":"auto","background-attachment":"scroll","background-type":"","background-media":"","overlay-type":"","overlay-color":"","overlay-opacity":"","overlay-gradient":""},"mobile":{"background-color":"var(--ast-global-color-5)","background-image":"","background-repeat":"repeat","background-position":"center center","background-size":"auto","background-attachment":"scroll","background-type":"","background-media":"","overlay-type":"","overlay-color":"","overlay-opacity":"","overlay-gradient":""}},"footnotes":""},"class_list":["post-32","page","type-page","status-publish","hentry"],"yoast_head":"<!-- This site is optimized with the Yoast SEO plugin v27.5 - https:\/\/yoast.com\/product\/yoast-seo-wordpress\/ -->\n<title>Over ons &#187; IPCO Law<\/title>\n<meta name=\"description\" content=\"Maak kennis met IPCO Law. Wij helpen ondernemers hun merk, handelsnaam en intellectuele eigendom te beschermen met strategisch en juridisch advies.\" \/>\n<meta name=\"robots\" content=\"index, follow, max-snippet:-1, max-image-preview:large, max-video-preview:-1\" \/>\n<link rel=\"canonical\" href=\"https:\/\/www.ipcolaw.com\/nl\/over-ons\/\" \/>\n<meta property=\"og:locale\" content=\"nl_NL\" \/>\n<meta property=\"og:type\" content=\"article\" \/>\n<meta property=\"og:title\" content=\"Over ons &#187; IPCO Law\" \/>\n<meta property=\"og:description\" content=\"Maak kennis met IPCO Law. Wij helpen ondernemers hun merk, handelsnaam en intellectuele eigendom te beschermen met strategisch en juridisch advies.\" \/>\n<meta property=\"og:url\" content=\"https:\/\/www.ipcolaw.com\/nl\/over-ons\/\" \/>\n<meta property=\"og:site_name\" content=\"IPCO Law\" \/>\n<meta property=\"article:modified_time\" content=\"2025-11-11T08:51:09+00:00\" \/>\n<meta property=\"og:image\" content=\"https:\/\/www.ipcolaw.com\/wp-content\/uploads\/2024\/09\/banner1.jpg\" \/>\n\t<meta property=\"og:image:width\" content=\"1250\" \/>\n\t<meta property=\"og:image:height\" content=\"751\" \/>\n\t<meta property=\"og:image:type\" content=\"image\/jpeg\" \/>\n<meta name=\"twitter:card\" content=\"summary_large_image\" \/>\n<meta name=\"twitter:label1\" content=\"Geschatte leestijd\" \/>\n\t<meta name=\"twitter:data1\" content=\"13 minuten\" \/>\n<script type=\"application\/ld+json\" class=\"yoast-schema-graph\">{\"@context\":\"https:\\\/\\\/schema.org\",\"@graph\":[{\"@type\":[\"WebPage\",\"AboutPage\"],\"@id\":\"https:\\\/\\\/www.ipcolaw.com\\\/nl\\\/over-ons\\\/\",\"url\":\"https:\\\/\\\/www.ipcolaw.com\\\/nl\\\/over-ons\\\/\",\"name\":\"Over ons &#187; IPCO Law\",\"isPartOf\":{\"@id\":\"https:\\\/\\\/www.ipcolaw.com\\\/nl\\\/#website\"},\"primaryImageOfPage\":{\"@id\":\"https:\\\/\\\/www.ipcolaw.com\\\/nl\\\/over-ons\\\/#primaryimage\"},\"image\":{\"@id\":\"https:\\\/\\\/www.ipcolaw.com\\\/nl\\\/over-ons\\\/#primaryimage\"},\"thumbnailUrl\":\"https:\\\/\\\/ipcolaw.com\\\/wp-content\\\/uploads\\\/2021\\\/04\\\/ipco-law.png\",\"datePublished\":\"2021-04-02T09:09:03+00:00\",\"dateModified\":\"2025-11-11T08:51:09+00:00\",\"description\":\"Maak kennis met IPCO Law. Wij helpen ondernemers hun merk, handelsnaam en intellectuele eigendom te beschermen met strategisch en juridisch advies.\",\"breadcrumb\":{\"@id\":\"https:\\\/\\\/www.ipcolaw.com\\\/nl\\\/over-ons\\\/#breadcrumb\"},\"inLanguage\":\"nl-NL\",\"potentialAction\":[{\"@type\":\"ReadAction\",\"target\":[\"https:\\\/\\\/www.ipcolaw.com\\\/nl\\\/over-ons\\\/\"]}]},{\"@type\":\"ImageObject\",\"inLanguage\":\"nl-NL\",\"@id\":\"https:\\\/\\\/www.ipcolaw.com\\\/nl\\\/over-ons\\\/#primaryimage\",\"url\":\"https:\\\/\\\/ipcolaw.com\\\/wp-content\\\/uploads\\\/2021\\\/04\\\/ipco-law.png\",\"contentUrl\":\"https:\\\/\\\/ipcolaw.com\\\/wp-content\\\/uploads\\\/2021\\\/04\\\/ipco-law.png\"},{\"@type\":\"BreadcrumbList\",\"@id\":\"https:\\\/\\\/www.ipcolaw.com\\\/nl\\\/over-ons\\\/#breadcrumb\",\"itemListElement\":[{\"@type\":\"ListItem\",\"position\":1,\"name\":\"Home\",\"item\":\"https:\\\/\\\/www.ipcolaw.com\\\/nl\\\/\"},{\"@type\":\"ListItem\",\"position\":2,\"name\":\"Over ons\"}]},{\"@type\":\"WebSite\",\"@id\":\"https:\\\/\\\/www.ipcolaw.com\\\/nl\\\/#website\",\"url\":\"https:\\\/\\\/www.ipcolaw.com\\\/nl\\\/\",\"name\":\"IPCO Law\",\"description\":\"Merkenbureau\",\"publisher\":{\"@id\":\"https:\\\/\\\/www.ipcolaw.com\\\/nl\\\/#organization\"},\"potentialAction\":[{\"@type\":\"SearchAction\",\"target\":{\"@type\":\"EntryPoint\",\"urlTemplate\":\"https:\\\/\\\/www.ipcolaw.com\\\/nl\\\/?s={search_term_string}\"},\"query-input\":{\"@type\":\"PropertyValueSpecification\",\"valueRequired\":true,\"valueName\":\"search_term_string\"}}],\"inLanguage\":\"nl-NL\"},{\"@type\":\"Organization\",\"@id\":\"https:\\\/\\\/www.ipcolaw.com\\\/nl\\\/#organization\",\"name\":\"IPCO law\",\"url\":\"https:\\\/\\\/www.ipcolaw.com\\\/nl\\\/\",\"logo\":{\"@type\":\"ImageObject\",\"inLanguage\":\"nl-NL\",\"@id\":\"https:\\\/\\\/www.ipcolaw.com\\\/nl\\\/#\\\/schema\\\/logo\\\/image\\\/\",\"url\":\"https:\\\/\\\/www.ipcolaw.com\\\/wp-content\\\/uploads\\\/2021\\\/04\\\/ipco-law-low.png\",\"contentUrl\":\"https:\\\/\\\/www.ipcolaw.com\\\/wp-content\\\/uploads\\\/2021\\\/04\\\/ipco-law-low.png\",\"width\":542,\"height\":95,\"caption\":\"IPCO law\"},\"image\":{\"@id\":\"https:\\\/\\\/www.ipcolaw.com\\\/nl\\\/#\\\/schema\\\/logo\\\/image\\\/\"},\"sameAs\":[\"https:\\\/\\\/www.linkedin.com\\\/company\\\/ipco-law\\\/\",\"https:\\\/\\\/www.instagram.com\\\/ipcolaw\\\/\"]}]}<\/script>\n<!-- \/ Yoast SEO plugin. -->","yoast_head_json":{"title":"Over ons &#187; IPCO Law","description":"Maak kennis met IPCO Law. Wij helpen ondernemers hun merk, handelsnaam en intellectuele eigendom te beschermen met strategisch en juridisch advies.","robots":{"index":"index","follow":"follow","max-snippet":"max-snippet:-1","max-image-preview":"max-image-preview:large","max-video-preview":"max-video-preview:-1"},"canonical":"https:\/\/www.ipcolaw.com\/nl\/over-ons\/","og_locale":"nl_NL","og_type":"article","og_title":"Over ons &#187; IPCO Law","og_description":"Maak kennis met IPCO Law. Wij helpen ondernemers hun merk, handelsnaam en intellectuele eigendom te beschermen met strategisch en juridisch advies.","og_url":"https:\/\/www.ipcolaw.com\/nl\/over-ons\/","og_site_name":"IPCO Law","article_modified_time":"2025-11-11T08:51:09+00:00","og_image":[{"width":1250,"height":751,"url":"https:\/\/www.ipcolaw.com\/wp-content\/uploads\/2024\/09\/banner1.jpg","type":"image\/jpeg"}],"twitter_card":"summary_large_image","twitter_misc":{"Geschatte leestijd":"13 minuten"},"schema":{"@context":"https:\/\/schema.org","@graph":[{"@type":["WebPage","AboutPage"],"@id":"https:\/\/www.ipcolaw.com\/nl\/over-ons\/","url":"https:\/\/www.ipcolaw.com\/nl\/over-ons\/","name":"Over ons &#187; IPCO Law","isPartOf":{"@id":"https:\/\/www.ipcolaw.com\/nl\/#website"},"primaryImageOfPage":{"@id":"https:\/\/www.ipcolaw.com\/nl\/over-ons\/#primaryimage"},"image":{"@id":"https:\/\/www.ipcolaw.com\/nl\/over-ons\/#primaryimage"},"thumbnailUrl":"https:\/\/ipcolaw.com\/wp-content\/uploads\/2021\/04\/ipco-law.png","datePublished":"2021-04-02T09:09:03+00:00","dateModified":"2025-11-11T08:51:09+00:00","description":"Maak kennis met IPCO Law. Wij helpen ondernemers hun merk, handelsnaam en intellectuele eigendom te beschermen met strategisch en juridisch advies.","breadcrumb":{"@id":"https:\/\/www.ipcolaw.com\/nl\/over-ons\/#breadcrumb"},"inLanguage":"nl-NL","potentialAction":[{"@type":"ReadAction","target":["https:\/\/www.ipcolaw.com\/nl\/over-ons\/"]}]},{"@type":"ImageObject","inLanguage":"nl-NL","@id":"https:\/\/www.ipcolaw.com\/nl\/over-ons\/#primaryimage","url":"https:\/\/ipcolaw.com\/wp-content\/uploads\/2021\/04\/ipco-law.png","contentUrl":"https:\/\/ipcolaw.com\/wp-content\/uploads\/2021\/04\/ipco-law.png"},{"@type":"BreadcrumbList","@id":"https:\/\/www.ipcolaw.com\/nl\/over-ons\/#breadcrumb","itemListElement":[{"@type":"ListItem","position":1,"name":"Home","item":"https:\/\/www.ipcolaw.com\/nl\/"},{"@type":"ListItem","position":2,"name":"Over ons"}]},{"@type":"WebSite","@id":"https:\/\/www.ipcolaw.com\/nl\/#website","url":"https:\/\/www.ipcolaw.com\/nl\/","name":"IPCO Law","description":"Merkenbureau","publisher":{"@id":"https:\/\/www.ipcolaw.com\/nl\/#organization"},"potentialAction":[{"@type":"SearchAction","target":{"@type":"EntryPoint","urlTemplate":"https:\/\/www.ipcolaw.com\/nl\/?s={search_term_string}"},"query-input":{"@type":"PropertyValueSpecification","valueRequired":true,"valueName":"search_term_string"}}],"inLanguage":"nl-NL"},{"@type":"Organization","@id":"https:\/\/www.ipcolaw.com\/nl\/#organization","name":"IPCO law","url":"https:\/\/www.ipcolaw.com\/nl\/","logo":{"@type":"ImageObject","inLanguage":"nl-NL","@id":"https:\/\/www.ipcolaw.com\/nl\/#\/schema\/logo\/image\/","url":"https:\/\/www.ipcolaw.com\/wp-content\/uploads\/2021\/04\/ipco-law-low.png","contentUrl":"https:\/\/www.ipcolaw.com\/wp-content\/uploads\/2021\/04\/ipco-law-low.png","width":542,"height":95,"caption":"IPCO law"},"image":{"@id":"https:\/\/www.ipcolaw.com\/nl\/#\/schema\/logo\/image\/"},"sameAs":["https:\/\/www.linkedin.com\/company\/ipco-law\/","https:\/\/www.instagram.com\/ipcolaw\/"]}]}},"_links":{"self":[{"href":"https:\/\/www.ipcolaw.com\/nl\/wp-json\/wp\/v2\/pages\/32","targetHints":{"allow":["GET"]}}],"collection":[{"href":"https:\/\/www.ipcolaw.com\/nl\/wp-json\/wp\/v2\/pages"}],"about":[{"href":"https:\/\/www.ipcolaw.com\/nl\/wp-json\/wp\/v2\/types\/page"}],"author":[{"embeddable":true,"href":"https:\/\/www.ipcolaw.com\/nl\/wp-json\/wp\/v2\/users\/1"}],"replies":[{"embeddable":true,"href":"https:\/\/www.ipcolaw.com\/nl\/wp-json\/wp\/v2\/comments?post=32"}],"version-history":[{"count":0,"href":"https:\/\/www.ipcolaw.com\/nl\/wp-json\/wp\/v2\/pages\/32\/revisions"}],"wp:attachment":[{"href":"https:\/\/www.ipcolaw.com\/nl\/wp-json\/wp\/v2\/media?parent=32"}],"curies":[{"name":"wp","href":"https:\/\/api.w.org\/{rel}","templated":true}]}}